{"id":10,"date":"2024-04-29T01:07:38","date_gmt":"2024-04-28T23:07:38","guid":{"rendered":"https:\/\/www.istanbul-kebab-montigny.com\/?page_id=10"},"modified":"2025-10-24T17:59:24","modified_gmt":"2025-10-24T15:59:24","slug":"bienvenue","status":"publish","type":"page","link":"https:\/\/www.istanbul-kebab-montigny.com\/","title":{"rendered":"Bienvenue"},"content":{"rendered":"<p>&nbsp;<\/p>\n<p>&nbsp;<\/p>\n<p>Ouvert depuis 2012, l&rsquo;\u00e9quipe du restaurant <strong>ISTANBUL KEBAB<\/strong> propose des sp\u00e9cialit\u00e9s Turques et Kurdes sous forme de grillades, assiettes et sandwichs.<br \/>\nDes desserts et un menu \u00ab\u00a0sp\u00e9cial kid\u00a0\u00bb sont \u00e9galement propos\u00e9s.e<\/p>\n<p>ISTANBUL KEBAB propose une cuisine \u00e0 consommer sur place ou \u00e0 emporter (livraison possible par <a href=\"https:\/\/www.ubereats.com\/fr\/store\/istanbul-kebab\/Zr0Z6c0ZQO-TvTNB71We8Q?diningMode=DELIVERY&amp;pl=JTdCJTIyYWRkcmVzcyUyMiUzQSUyMkdyaWxsJTIwS2ViYWIlMjBJc3RhbmJ1bCUyMiUyQyUyMnJlZmVyZW5jZSUyMiUzQSUyMkNoSUo3MGNZSk1sZzVrY1JKQV91OEhTc0hsUSUyMiUyQyUyMnJlZmVyZW5jZVR5cGUlMjIlM0ElMjJnb29nbGVfcGxhY2VzJTIyJTJDJTIybGF0aXR1ZGUlMjIlM0E0OC45OTYwNzEwOTk5OTk5OSUyQyUyMmxvbmdpdHVkZSUyMiUzQTIuMTg5OTc5MyU3RA%3D%3D&amp;ps=1&amp;utm_campaign=place-action-link&amp;utm_medium=organic&amp;utm_source=google\" target=\"_blank\" rel=\"noopener\"><u>Uber Eats<\/u><\/a> et <a href=\"https:\/\/deliveroo.fr\/fr\/menu\/Paris\/montigny\/istanbul-kebab-montigny?geohash=u09w9z6xnkwg\" target=\"_blank\" rel=\"noopener\"><u>Deliveroo<\/u><\/a><\/p>\n<p><strong>SERVICE NON STOP<\/strong><br \/>\nLe restaurant est ouvert du lundi au samedi de 11h00 \u00e0 23h00 <em>(ferm\u00e9 le dimanche)<\/em>.<\/p>\n<div align=\"center\"><strong><span style=\"color: #990000;\">Parking facile &#8211; Terrasse &#8211; Retransmission de manifestations sportives sur grand \u00e9cran<\/span><\/strong><\/div>\n<p>&nbsp;<br \/>\n<img loading=\"lazy\" decoding=\"async\" class=\"aligncenter size-full wp-image-105\" src=\"https:\/\/www.istanbul-kebab-montigny.com\/wp-content\/uploads\/2024\/05\/istanbul_kebab.jpg\" alt=\"\" width=\"950\" height=\"242\" srcset=\"https:\/\/www.istanbul-kebab-montigny.com\/wp-content\/uploads\/2024\/05\/istanbul_kebab.jpg 950w, https:\/\/www.istanbul-kebab-montigny.com\/wp-content\/uploads\/2024\/05\/istanbul_kebab-300x76.jpg 300w, https:\/\/www.istanbul-kebab-montigny.com\/wp-content\/uploads\/2024\/05\/istanbul_kebab-768x196.jpg 768w\" sizes=\"(max-width: 950px) 100vw, 950px\" \/><\/p>\n<p><span style=\"color: #990000;\"><strong>Pour nous joindre : <\/strong><\/span><\/p>\n<h6>161, boulevard Victor Bordier (R.D 14)<br \/>\n95370 MONTIGNY-LES-CORMEILLES<\/h6>\n<h6>T\u00e9l : 01 34 50 93 06<\/h6>\n<p>&nbsp;<\/p>\n<p style=\"text-align: center;\"><div class=\"_df_book df-lite\" id=\"df_17\"  data-title=\"depliant\" _slug=\"17\" wpoptions=\"true\" thumb=\"https:\/\/www.istanbul-kebab-montigny.com\/wp-content\/uploads\/2024\/04\/menu_page1_oct24.jpg\" thumbtype=\"bg\" ><p class=\"df-raw-loading\">Please wait while flipbook is loading. For more related info, FAQs and issues please refer to <a href=\"https:\/\/wordpress.org\/plugins\/3d-flipbook-dflip-lite\/#installation\">DearFlip WordPress Flipbook Plugin Help<\/a> documentation.<\/p><\/div><script class=\"df-shortcode-script\" type=\"application\/javascript\">window.option_df_17 = {\"outline\":[],\"autoEnableOutline\":\"false\",\"autoEnableThumbnail\":\"false\",\"overwritePDFOutline\":\"false\",\"direction\":\"1\",\"pageSize\":\"1\",\"maxTextureSize\":\"1024\",\"source\":[\"https:\\\/\\\/www.istanbul-kebab-montigny.com\\\/wp-content\\\/uploads\\\/2024\\\/04\\\/menu_page1_oct24.jpg\",\"https:\\\/\\\/www.istanbul-kebab-montigny.com\\\/wp-content\\\/uploads\\\/2024\\\/04\\\/menu_page2_oct24.jpg\",\"https:\\\/\\\/www.istanbul-kebab-montigny.com\\\/wp-content\\\/uploads\\\/2024\\\/04\\\/menu_page3_oct24.jpg\",\"https:\\\/\\\/www.istanbul-kebab-montigny.com\\\/wp-content\\\/uploads\\\/2024\\\/04\\\/menu_page4_oct24.jpg\"],\"wpOptions\":\"true\",\"links\":[[],[],[],[],[]]}; if(window.DFLIP && window.DFLIP.parseBooks){window.DFLIP.parseBooks();}<\/script><\/p>\n","protected":false},"excerpt":{"rendered":"<p>&nbsp; &nbsp; Ouvert depuis 2012, l&rsquo;\u00e9quipe du restaurant ISTANBUL KEBAB propose des sp\u00e9cialit\u00e9s Turques et Kurdes sous forme de grillades, assiettes et sandwichs. Des desserts et un menu \u00ab\u00a0sp\u00e9cial kid\u00a0\u00bb sont \u00e9galement propos\u00e9s.e ISTANBUL KEBAB propose une cuisine \u00e0 consommer<\/p>\n","protected":false},"author":1,"featured_media":0,"parent":0,"menu_order":0,"comment_status":"closed","ping_status":"closed","template":"","meta":{"footnotes":""},"_links":{"self":[{"href":"https:\/\/www.istanbul-kebab-montigny.com\/index.php\/wp-json\/wp\/v2\/pages\/10"}],"collection":[{"href":"https:\/\/www.istanbul-kebab-montigny.com\/index.php\/wp-json\/wp\/v2\/pages"}],"about":[{"href":"https:\/\/www.istanbul-kebab-montigny.com\/index.php\/wp-json\/wp\/v2\/types\/page"}],"author":[{"embeddable":true,"href":"https:\/\/www.istanbul-kebab-montigny.com\/index.php\/wp-json\/wp\/v2\/users\/1"}],"replies":[{"embeddable":true,"href":"https:\/\/www.istanbul-kebab-montigny.com\/index.php\/wp-json\/wp\/v2\/comments?post=10"}],"version-history":[{"count":43,"href":"https:\/\/www.istanbul-kebab-montigny.com\/index.php\/wp-json\/wp\/v2\/pages\/10\/revisions"}],"predecessor-version":[{"id":134,"href":"https:\/\/www.istanbul-kebab-montigny.com\/index.php\/wp-json\/wp\/v2\/pages\/10\/revisions\/134"}],"wp:attachment":[{"href":"https:\/\/www.istanbul-kebab-montigny.com\/index.php\/wp-json\/wp\/v2\/media?parent=10"}],"curies":[{"name":"wp","href":"https:\/\/api.w.org\/{rel}","templated":true}]}}